{"id":11,"date":"2024-04-18T16:05:51","date_gmt":"2024-04-18T16:05:51","guid":{"rendered":"https:\/\/911seguros.com\/?page_id=11"},"modified":"2025-07-11T13:52:14","modified_gmt":"2025-07-11T13:52:14","slug":"nosotros","status":"publish","type":"page","link":"https:\/\/911seguros.com\/?page_id=11","title":{"rendered":"Nosotros"},"content":{"rendered":"\t\t<div data-elementor-type=\"wp-page\" data-elementor-id=\"11\" class=\"elementor elementor-11\" data-elementor-settings=\"{&quot;ha_cmc_init_switcher&quot;:&quot;no&quot;}\" data-elementor-post-type=\"page\">\n\t\t\t\t\t\t<section class=\"elementor-section elementor-top-section elementor-element elementor-element-8e4ece7 elementor-section-boxed elementor-section-height-default elementor-section-height-default\" data-id=\"8e4ece7\" data-element_type=\"section\" data-e-type=\"section\" data-settings=\"{&quot;background_background&quot;:&quot;classic&quot;,&quot;_ha_eqh_enable&quot;:false}\">\n\t\t\t\t\t\t<div class=\"elementor-container elementor-column-gap-default\">\n\t\t\t\t\t<div class=\"elementor-column elementor-col-100 elementor-top-column elementor-element elementor-element-aabdc6e\" data-id=\"aabdc6e\" data-element_type=\"column\" data-e-type=\"column\">\n\t\t\t<div class=\"elementor-widget-wrap elementor-element-populated\">\n\t\t\t\t\t\t<div class=\"elementor-element elementor-element-40f30dc elementor-widget elementor-widget-heading\" data-id=\"40f30dc\" data-element_type=\"widget\" data-e-type=\"widget\" data-widget_type=\"heading.default\">\n\t\t\t\t\t<h1 class=\"elementor-heading-title elementor-size-default\">NOSOTROS<\/h1>\t\t\t\t<\/div>\n\t\t\t\t<div class=\"elementor-element elementor-element-7dae956 elementor-widget elementor-widget-text-editor\" data-id=\"7dae956\" data-element_type=\"widget\" data-e-type=\"widget\" data-widget_type=\"text-editor.default\">\n\t\t\t\t\t\t\t\t\t<p><span style=\"font-weight: 400;\"><strong>Somos una agencia de asesoramiento en gesti\u00f3n integral de riesgos y seguros para transporte de mercanc\u00edas.<\/strong> Dise\u00f1amos seguros para que te sientas seguro.<\/span><\/p><p><span style=\"font-weight: 400;\">Con la credibilidad de grandes compa\u00f1\u00edas aseguradoras del pa\u00eds, <strong>desarrollamos alternativas a la medida creando seguros que se adapten a ti.<\/strong> No t\u00fa a ellos.<\/span><\/p><p><span style=\"font-weight: 400;\"><strong>Contamos con vinculaciones con todas las aseguradoras del mercado,<\/strong> logrando reunir las opciones que mejor se adapten a ti.<\/span><\/p>\t\t\t\t\t\t\t\t<\/div>\n\t\t\t\t\t<\/div>\n\t\t<\/div>\n\t\t\t\t\t<\/div>\n\t\t<\/section>\n\t\t\t\t<section class=\"elementor-section elementor-top-section elementor-element elementor-element-2d4b91b elementor-section-boxed elementor-section-height-default elementor-section-height-default\" data-id=\"2d4b91b\" data-element_type=\"section\" data-e-type=\"section\" data-settings=\"{&quot;background_background&quot;:&quot;classic&quot;,&quot;_ha_eqh_enable&quot;:false}\">\n\t\t\t\t\t\t<div class=\"elementor-container elementor-column-gap-default\">\n\t\t\t\t\t<div class=\"elementor-column elementor-col-100 elementor-top-column elementor-element elementor-element-4540b6e\" data-id=\"4540b6e\" data-element_type=\"column\" data-e-type=\"column\">\n\t\t\t<div class=\"elementor-widget-wrap elementor-element-populated\">\n\t\t\t\t\t\t<section class=\"elementor-section elementor-inner-section elementor-element elementor-element-1b1face elementor-section-boxed elementor-section-height-default elementor-section-height-default\" data-id=\"1b1face\" data-element_type=\"section\" data-e-type=\"section\" data-settings=\"{&quot;_ha_eqh_enable&quot;:false}\">\n\t\t\t\t\t\t<div class=\"elementor-container elementor-column-gap-default\">\n\t\t\t\t\t<div class=\"elementor-column elementor-col-33 elementor-inner-column elementor-element elementor-element-b79a773\" data-id=\"b79a773\" data-element_type=\"column\" data-e-type=\"column\">\n\t\t\t<div class=\"elementor-widget-wrap elementor-element-populated\">\n\t\t\t\t\t\t<div class=\"elementor-element elementor-element-56ad5da elementor-position-top ha-has-bg-overlay elementor-widget elementor-widget-image-box\" data-id=\"56ad5da\" data-element_type=\"widget\" data-e-type=\"widget\" data-widget_type=\"image-box.default\">\n\t\t\t\t\t<div class=\"elementor-image-box-wrapper\"><figure class=\"elementor-image-box-img\"><a href=\"https:\/\/speedseguros.com\/cotizar-vehiculo\/pesado?code=fed88b40\" target=\"_blank\" rel=\"nofollow\" tabindex=\"-1\"><img decoding=\"async\" width=\"266\" height=\"140\" src=\"https:\/\/911seguros.com\/wp-content\/uploads\/2025\/05\/camion-1-1-e1746711500826.png\" class=\"attachment-full size-full wp-image-669\" alt=\"\" \/><\/a><\/figure><div class=\"elementor-image-box-content\"><h4 class=\"elementor-image-box-title\"><a href=\"https:\/\/speedseguros.com\/cotizar-vehiculo\/pesado?code=fed88b40\" target=\"_blank\" rel=\"nofollow\">P\u00f3liza de Camiones Pesados<br><br><\/a><\/h4><\/div><\/div>\t\t\t\t<\/div>\n\t\t\t\t\t<\/div>\n\t\t<\/div>\n\t\t\t\t<div class=\"elementor-column elementor-col-33 elementor-inner-column elementor-element elementor-element-1810178\" data-id=\"1810178\" data-element_type=\"column\" data-e-type=\"column\">\n\t\t\t<div class=\"elementor-widget-wrap elementor-element-populated\">\n\t\t\t\t\t\t<div class=\"elementor-element elementor-element-349e946 elementor-position-top ha-has-bg-overlay elementor-widget elementor-widget-image-box\" data-id=\"349e946\" data-element_type=\"widget\" data-e-type=\"widget\" data-widget_type=\"image-box.default\">\n\t\t\t\t\t<div class=\"elementor-image-box-wrapper\"><figure class=\"elementor-image-box-img\"><a href=\"https:\/\/speedseguros.com\/cotizar-poliza-especificas?code=fed88b40\" target=\"_blank\" rel=\"nofollow\" tabindex=\"-1\"><img decoding=\"async\" width=\"137\" height=\"149\" src=\"https:\/\/911seguros.com\/wp-content\/uploads\/2024\/06\/Recurso-5-1.svg\" class=\"attachment-full size-full wp-image-136\" alt=\"\" \/><\/a><\/figure><div class=\"elementor-image-box-content\"><h4 class=\"elementor-image-box-title\"><a href=\"https:\/\/speedseguros.com\/cotizar-poliza-especificas?code=fed88b40\" target=\"_blank\" rel=\"nofollow\">P\u00f3liza Espec\u00edfica de Transporte de Mercanc\u00edas<\/a><\/h4><\/div><\/div>\t\t\t\t<\/div>\n\t\t\t\t\t<\/div>\n\t\t<\/div>\n\t\t\t\t<div class=\"elementor-column elementor-col-33 elementor-inner-column elementor-element elementor-element-baa0a8b\" data-id=\"baa0a8b\" data-element_type=\"column\" data-e-type=\"column\">\n\t\t\t<div class=\"elementor-widget-wrap elementor-element-populated\">\n\t\t\t\t\t\t<div class=\"elementor-element elementor-element-831ed6d elementor-position-top ha-has-bg-overlay elementor-widget elementor-widget-image-box\" data-id=\"831ed6d\" data-element_type=\"widget\" data-e-type=\"widget\" data-widget_type=\"image-box.default\">\n\t\t\t\t\t<div class=\"elementor-image-box-wrapper\"><figure class=\"elementor-image-box-img\"><a href=\"https:\/\/speedseguros.com\/cotizar-poliza-trayectos?code=fed88b40\" target=\"_blank\" rel=\"nofollow\" tabindex=\"-1\"><img decoding=\"async\" width=\"178\" height=\"156\" src=\"https:\/\/911seguros.com\/wp-content\/uploads\/2024\/06\/Recurso-6-1.svg\" class=\"attachment-full size-full wp-image-137\" alt=\"\" \/><\/a><\/figure><div class=\"elementor-image-box-content\"><h4 class=\"elementor-image-box-title\"><a href=\"https:\/\/speedseguros.com\/cotizar-poliza-trayectos?code=fed88b40\" target=\"_blank\" rel=\"nofollow\">P\u00f3liza Autom\u00e1tica para Trayectos<\/a><\/h4><\/div><\/div>\t\t\t\t<\/div>\n\t\t\t\t\t<\/div>\n\t\t<\/div>\n\t\t\t\t\t<\/div>\n\t\t<\/section>\n\t\t\t\t\t<\/div>\n\t\t<\/div>\n\t\t\t\t\t<\/div>\n\t\t<\/section>\n\t\t\t\t<\/div>\n\t\t","protected":false},"excerpt":{"rendered":"<p>NOSOTROS Somos una agencia de asesoramiento en gesti\u00f3n integral de riesgos y seguros para transporte de mercanc\u00edas. Dise\u00f1amos seguros para que te sientas seguro. Con la credibilidad de grandes compa\u00f1\u00edas aseguradoras del pa\u00eds, desarrollamos alternativas a la medida creando seguros que se adapten a ti. No t\u00fa a ellos. Contamos con vinculaciones con todas las [&hellip;]<\/p>\n","protected":false},"author":1,"featured_media":0,"parent":0,"menu_order":0,"comment_status":"closed","ping_status":"closed","template":"","meta":{"footnotes":""},"class_list":["post-11","page","type-page","status-publish","hentry"],"yoast_head":"<!-- This site is optimized with the Yoast SEO plugin v27.4 - https:\/\/yoast.com\/product\/yoast-seo-wordpress\/ -->\n<title>Nosotros - 911 Seguros<\/title>\n<meta name=\"description\" content=\"Asesoramos en seguros para transporte de mercanc\u00edas, ofreciendo opciones personalizadas con las mejores aseguradoras. \u00a1Cont\u00e1ctanos!\" \/>\n<meta name=\"robots\" content=\"index, follow, max-snippet:-1, max-image-preview:large, max-video-preview:-1\" \/>\n<link rel=\"canonical\" href=\"https:\/\/911seguros.com\/?page_id=11\" \/>\n<meta property=\"og:locale\" content=\"es_ES\" \/>\n<meta property=\"og:type\" content=\"article\" \/>\n<meta property=\"og:title\" content=\"Nosotros - 911 Seguros\" \/>\n<meta property=\"og:description\" content=\"Asesoramos en seguros para transporte de mercanc\u00edas, ofreciendo opciones personalizadas con las mejores aseguradoras. \u00a1Cont\u00e1ctanos!\" \/>\n<meta property=\"og:url\" content=\"https:\/\/911seguros.com\/?page_id=11\" \/>\n<meta property=\"og:site_name\" content=\"911 Seguros\" \/>\n<meta property=\"article:modified_time\" content=\"2025-07-11T13:52:14+00:00\" \/>\n<meta property=\"og:image\" content=\"https:\/\/911seguros.com\/wp-content\/uploads\/2025\/05\/camion-1-1-e1746711500826.png\" \/>\n\t<meta property=\"og:image:width\" content=\"266\" \/>\n\t<meta property=\"og:image:height\" content=\"140\" \/>\n\t<meta property=\"og:image:type\" content=\"image\/png\" \/>\n<meta name=\"twitter:card\" content=\"summary_large_image\" \/>\n<meta name=\"twitter:label1\" content=\"Tiempo de lectura\" \/>\n\t<meta name=\"twitter:data1\" content=\"1 minuto\" \/>\n<script type=\"application\/ld+json\" class=\"yoast-schema-graph\">{\"@context\":\"https:\\\/\\\/schema.org\",\"@graph\":[{\"@type\":\"WebPage\",\"@id\":\"https:\\\/\\\/911seguros.com\\\/?page_id=11\",\"url\":\"https:\\\/\\\/911seguros.com\\\/?page_id=11\",\"name\":\"Nosotros - 911 Seguros\",\"isPartOf\":{\"@id\":\"https:\\\/\\\/911seguros.com\\\/#website\"},\"primaryImageOfPage\":{\"@id\":\"https:\\\/\\\/911seguros.com\\\/?page_id=11#primaryimage\"},\"image\":{\"@id\":\"https:\\\/\\\/911seguros.com\\\/?page_id=11#primaryimage\"},\"thumbnailUrl\":\"https:\\\/\\\/911seguros.com\\\/wp-content\\\/uploads\\\/2025\\\/05\\\/camion-1-1-e1746711500826.png\",\"datePublished\":\"2024-04-18T16:05:51+00:00\",\"dateModified\":\"2025-07-11T13:52:14+00:00\",\"description\":\"Asesoramos en seguros para transporte de mercanc\u00edas, ofreciendo opciones personalizadas con las mejores aseguradoras. \u00a1Cont\u00e1ctanos!\",\"breadcrumb\":{\"@id\":\"https:\\\/\\\/911seguros.com\\\/?page_id=11#breadcrumb\"},\"inLanguage\":\"es\",\"potentialAction\":[{\"@type\":\"ReadAction\",\"target\":[\"https:\\\/\\\/911seguros.com\\\/?page_id=11\"]}]},{\"@type\":\"ImageObject\",\"inLanguage\":\"es\",\"@id\":\"https:\\\/\\\/911seguros.com\\\/?page_id=11#primaryimage\",\"url\":\"https:\\\/\\\/911seguros.com\\\/wp-content\\\/uploads\\\/2025\\\/05\\\/camion-1-1-e1746711500826.png\",\"contentUrl\":\"https:\\\/\\\/911seguros.com\\\/wp-content\\\/uploads\\\/2025\\\/05\\\/camion-1-1-e1746711500826.png\",\"width\":266,\"height\":140},{\"@type\":\"BreadcrumbList\",\"@id\":\"https:\\\/\\\/911seguros.com\\\/?page_id=11#breadcrumb\",\"itemListElement\":[{\"@type\":\"ListItem\",\"position\":1,\"name\":\"Portada\",\"item\":\"https:\\\/\\\/911seguros.com\\\/\"},{\"@type\":\"ListItem\",\"position\":2,\"name\":\"Nosotros\"}]},{\"@type\":\"WebSite\",\"@id\":\"https:\\\/\\\/911seguros.com\\\/#website\",\"url\":\"https:\\\/\\\/911seguros.com\\\/\",\"name\":\"911 Seguros\",\"description\":\"\",\"publisher\":{\"@id\":\"https:\\\/\\\/911seguros.com\\\/#organization\"},\"potentialAction\":[{\"@type\":\"SearchAction\",\"target\":{\"@type\":\"EntryPoint\",\"urlTemplate\":\"https:\\\/\\\/911seguros.com\\\/?s={search_term_string}\"},\"query-input\":{\"@type\":\"PropertyValueSpecification\",\"valueRequired\":true,\"valueName\":\"search_term_string\"}}],\"inLanguage\":\"es\"},{\"@type\":\"Organization\",\"@id\":\"https:\\\/\\\/911seguros.com\\\/#organization\",\"name\":\"911 Seguros\",\"url\":\"https:\\\/\\\/911seguros.com\\\/\",\"logo\":{\"@type\":\"ImageObject\",\"inLanguage\":\"es\",\"@id\":\"https:\\\/\\\/911seguros.com\\\/#\\\/schema\\\/logo\\\/image\\\/\",\"url\":\"https:\\\/\\\/911seguros.com\\\/wp-content\\\/uploads\\\/2024\\\/04\\\/Recurso-206-1.png\",\"contentUrl\":\"https:\\\/\\\/911seguros.com\\\/wp-content\\\/uploads\\\/2024\\\/04\\\/Recurso-206-1.png\",\"width\":245,\"height\":231,\"caption\":\"911 Seguros\"},\"image\":{\"@id\":\"https:\\\/\\\/911seguros.com\\\/#\\\/schema\\\/logo\\\/image\\\/\"}}]}<\/script>\n<!-- \/ Yoast SEO plugin. -->","yoast_head_json":{"title":"Nosotros - 911 Seguros","description":"Asesoramos en seguros para transporte de mercanc\u00edas, ofreciendo opciones personalizadas con las mejores aseguradoras. \u00a1Cont\u00e1ctanos!","robots":{"index":"index","follow":"follow","max-snippet":"max-snippet:-1","max-image-preview":"max-image-preview:large","max-video-preview":"max-video-preview:-1"},"canonical":"https:\/\/911seguros.com\/?page_id=11","og_locale":"es_ES","og_type":"article","og_title":"Nosotros - 911 Seguros","og_description":"Asesoramos en seguros para transporte de mercanc\u00edas, ofreciendo opciones personalizadas con las mejores aseguradoras. \u00a1Cont\u00e1ctanos!","og_url":"https:\/\/911seguros.com\/?page_id=11","og_site_name":"911 Seguros","article_modified_time":"2025-07-11T13:52:14+00:00","og_image":[{"width":266,"height":140,"url":"https:\/\/911seguros.com\/wp-content\/uploads\/2025\/05\/camion-1-1-e1746711500826.png","type":"image\/png"}],"twitter_card":"summary_large_image","twitter_misc":{"Tiempo de lectura":"1 minuto"},"schema":{"@context":"https:\/\/schema.org","@graph":[{"@type":"WebPage","@id":"https:\/\/911seguros.com\/?page_id=11","url":"https:\/\/911seguros.com\/?page_id=11","name":"Nosotros - 911 Seguros","isPartOf":{"@id":"https:\/\/911seguros.com\/#website"},"primaryImageOfPage":{"@id":"https:\/\/911seguros.com\/?page_id=11#primaryimage"},"image":{"@id":"https:\/\/911seguros.com\/?page_id=11#primaryimage"},"thumbnailUrl":"https:\/\/911seguros.com\/wp-content\/uploads\/2025\/05\/camion-1-1-e1746711500826.png","datePublished":"2024-04-18T16:05:51+00:00","dateModified":"2025-07-11T13:52:14+00:00","description":"Asesoramos en seguros para transporte de mercanc\u00edas, ofreciendo opciones personalizadas con las mejores aseguradoras. \u00a1Cont\u00e1ctanos!","breadcrumb":{"@id":"https:\/\/911seguros.com\/?page_id=11#breadcrumb"},"inLanguage":"es","potentialAction":[{"@type":"ReadAction","target":["https:\/\/911seguros.com\/?page_id=11"]}]},{"@type":"ImageObject","inLanguage":"es","@id":"https:\/\/911seguros.com\/?page_id=11#primaryimage","url":"https:\/\/911seguros.com\/wp-content\/uploads\/2025\/05\/camion-1-1-e1746711500826.png","contentUrl":"https:\/\/911seguros.com\/wp-content\/uploads\/2025\/05\/camion-1-1-e1746711500826.png","width":266,"height":140},{"@type":"BreadcrumbList","@id":"https:\/\/911seguros.com\/?page_id=11#breadcrumb","itemListElement":[{"@type":"ListItem","position":1,"name":"Portada","item":"https:\/\/911seguros.com\/"},{"@type":"ListItem","position":2,"name":"Nosotros"}]},{"@type":"WebSite","@id":"https:\/\/911seguros.com\/#website","url":"https:\/\/911seguros.com\/","name":"911 Seguros","description":"","publisher":{"@id":"https:\/\/911seguros.com\/#organization"},"potentialAction":[{"@type":"SearchAction","target":{"@type":"EntryPoint","urlTemplate":"https:\/\/911seguros.com\/?s={search_term_string}"},"query-input":{"@type":"PropertyValueSpecification","valueRequired":true,"valueName":"search_term_string"}}],"inLanguage":"es"},{"@type":"Organization","@id":"https:\/\/911seguros.com\/#organization","name":"911 Seguros","url":"https:\/\/911seguros.com\/","logo":{"@type":"ImageObject","inLanguage":"es","@id":"https:\/\/911seguros.com\/#\/schema\/logo\/image\/","url":"https:\/\/911seguros.com\/wp-content\/uploads\/2024\/04\/Recurso-206-1.png","contentUrl":"https:\/\/911seguros.com\/wp-content\/uploads\/2024\/04\/Recurso-206-1.png","width":245,"height":231,"caption":"911 Seguros"},"image":{"@id":"https:\/\/911seguros.com\/#\/schema\/logo\/image\/"}}]}},"_links":{"self":[{"href":"https:\/\/911seguros.com\/index.php?rest_route=\/wp\/v2\/pages\/11","targetHints":{"allow":["GET"]}}],"collection":[{"href":"https:\/\/911seguros.com\/index.php?rest_route=\/wp\/v2\/pages"}],"about":[{"href":"https:\/\/911seguros.com\/index.php?rest_route=\/wp\/v2\/types\/page"}],"author":[{"embeddable":true,"href":"https:\/\/911seguros.com\/index.php?rest_route=\/wp\/v2\/users\/1"}],"replies":[{"embeddable":true,"href":"https:\/\/911seguros.com\/index.php?rest_route=%2Fwp%2Fv2%2Fcomments&post=11"}],"version-history":[{"count":82,"href":"https:\/\/911seguros.com\/index.php?rest_route=\/wp\/v2\/pages\/11\/revisions"}],"predecessor-version":[{"id":702,"href":"https:\/\/911seguros.com\/index.php?rest_route=\/wp\/v2\/pages\/11\/revisions\/702"}],"wp:attachment":[{"href":"https:\/\/911seguros.com\/index.php?rest_route=%2Fwp%2Fv2%2Fmedia&parent=11"}],"curies":[{"name":"wp","href":"https:\/\/api.w.org\/{rel}","templated":true}]}}