{"id":17,"date":"2024-04-18T16:10:03","date_gmt":"2024-04-18T16:10:03","guid":{"rendered":"https:\/\/911seguros.com\/?page_id=17"},"modified":"2025-04-01T14:33:47","modified_gmt":"2025-04-01T14:33:47","slug":"contactanos","status":"publish","type":"page","link":"https:\/\/911seguros.com\/?page_id=17","title":{"rendered":"Cont\u00e1ctanos"},"content":{"rendered":"\t\t<div data-elementor-type=\"wp-page\" data-elementor-id=\"17\" class=\"elementor elementor-17\" data-elementor-settings=\"{&quot;ha_cmc_init_switcher&quot;:&quot;no&quot;}\" data-elementor-post-type=\"page\">\n\t\t\t\t\t\t<section class=\"elementor-section elementor-top-section elementor-element elementor-element-0a6010e elementor-section-boxed elementor-section-height-default elementor-section-height-default\" data-id=\"0a6010e\" data-element_type=\"section\" data-e-type=\"section\" data-settings=\"{&quot;background_background&quot;:&quot;classic&quot;,&quot;_ha_eqh_enable&quot;:false}\">\n\t\t\t\t\t\t<div class=\"elementor-container elementor-column-gap-wider\">\n\t\t\t\t\t<div class=\"elementor-column elementor-col-50 elementor-top-column elementor-element elementor-element-9ff2409\" data-id=\"9ff2409\" data-element_type=\"column\" data-e-type=\"column\">\n\t\t\t<div class=\"elementor-widget-wrap elementor-element-populated\">\n\t\t\t\t\t\t<div class=\"elementor-element elementor-element-4f09b7b elementor-widget__width-initial elementor-absolute elementor-widget elementor-widget-image\" data-id=\"4f09b7b\" data-element_type=\"widget\" data-e-type=\"widget\" data-settings=\"{&quot;_position&quot;:&quot;absolute&quot;}\" data-widget_type=\"image.default\">\n\t\t\t\t\t\t\t\t\t\t\t\t\t\t\t<img decoding=\"async\" width=\"112\" height=\"123\" src=\"https:\/\/911seguros.com\/wp-content\/uploads\/2024\/07\/Vector.png\" class=\"attachment-large size-large wp-image-265\" alt=\"\" \/>\t\t\t\t\t\t\t\t\t\t\t\t\t\t\t<\/div>\n\t\t\t\t<div class=\"elementor-element elementor-element-a28f2ae elementor-widget elementor-widget-heading\" data-id=\"a28f2ae\" data-element_type=\"widget\" data-e-type=\"widget\" data-widget_type=\"heading.default\">\n\t\t\t\t\t<h1 class=\"elementor-heading-title elementor-size-default\">Descubra la p\u00f3liza ideal<br> para su negocio<\/h1>\t\t\t\t<\/div>\n\t\t\t\t<div class=\"elementor-element elementor-element-9b35f8e elementor-widget elementor-widget-text-editor\" data-id=\"9b35f8e\" data-element_type=\"widget\" data-e-type=\"widget\" data-widget_type=\"text-editor.default\">\n\t\t\t\t\t\t\t\t\t<p>Complete nuestro formulario de contacto y reciba la atenci\u00f3n necesaria.<\/p>\t\t\t\t\t\t\t\t<\/div>\n\t\t\t\t<div class=\"elementor-element elementor-element-f01c6b9 elementor-button-align-stretch elementor-widget elementor-widget-form\" data-id=\"f01c6b9\" data-element_type=\"widget\" data-e-type=\"widget\" data-settings=\"{&quot;step_next_label&quot;:&quot;Siguiente&quot;,&quot;step_previous_label&quot;:&quot;Anterior&quot;,&quot;button_width&quot;:&quot;100&quot;,&quot;step_type&quot;:&quot;number_text&quot;,&quot;step_icon_shape&quot;:&quot;circle&quot;}\" data-widget_type=\"form.default\">\n\t\t\t\t\t\t\t<form class=\"elementor-form\" method=\"post\" name=\"New Form\" aria-label=\"New Form\">\n\t\t\t<input type=\"hidden\" name=\"post_id\" value=\"17\"\/>\n\t\t\t<input type=\"hidden\" name=\"form_id\" value=\"f01c6b9\"\/>\n\t\t\t<input type=\"hidden\" name=\"referer_title\" value=\"Cont\u00e1ctanos - 911 Seguros\" \/>\n\n\t\t\t\t\t\t\t<input type=\"hidden\" name=\"queried_id\" value=\"17\"\/>\n\t\t\t\n\t\t\t<div class=\"elementor-form-fields-wrapper elementor-labels-above\">\n\t\t\t\t\t\t\t\t<div class=\"elementor-field-type-text elementor-field-group elementor-column elementor-field-group-name elementor-col-100\">\n\t\t\t\t\t\t\t\t\t\t\t\t<label for=\"form-field-name\" class=\"elementor-field-label\">\n\t\t\t\t\t\t\t\tNombre\t\t\t\t\t\t\t<\/label>\n\t\t\t\t\t\t\t\t\t\t\t\t\t\t<input size=\"1\" type=\"text\" name=\"form_fields[name]\" id=\"form-field-name\" class=\"elementor-field elementor-size-sm  elementor-field-textual\" placeholder=\"Nombre\">\n\t\t\t\t\t\t\t\t\t\t\t<\/div>\n\t\t\t\t\t\t\t\t<div class=\"elementor-field-type-email elementor-field-group elementor-column elementor-field-group-email elementor-col-100 elementor-field-required\">\n\t\t\t\t\t\t\t\t\t\t\t\t<label for=\"form-field-email\" class=\"elementor-field-label\">\n\t\t\t\t\t\t\t\tEmail\t\t\t\t\t\t\t<\/label>\n\t\t\t\t\t\t\t\t\t\t\t\t\t\t<input size=\"1\" type=\"email\" name=\"form_fields[email]\" id=\"form-field-email\" class=\"elementor-field elementor-size-sm  elementor-field-textual\" placeholder=\"Email\" required=\"required\">\n\t\t\t\t\t\t\t\t\t\t\t<\/div>\n\t\t\t\t\t\t\t\t<div class=\"elementor-field-type-tel elementor-field-group elementor-column elementor-field-group-field_67d6df9 elementor-col-100 elementor-field-required\">\n\t\t\t\t\t\t\t\t\t\t\t\t<label for=\"form-field-field_67d6df9\" class=\"elementor-field-label\">\n\t\t\t\t\t\t\t\tCelular\t\t\t\t\t\t\t<\/label>\n\t\t\t\t\t\t\t\t<input size=\"1\" type=\"tel\" name=\"form_fields[field_67d6df9]\" id=\"form-field-field_67d6df9\" class=\"elementor-field elementor-size-sm  elementor-field-textual\" placeholder=\"Celular\" required=\"required\" pattern=\"[0-9()#&amp;+*-=.]+\" title=\"Solo se aceptan n\u00fameros y caracteres de tel\u00e9fono (#,-,*,etc).\">\n\n\t\t\t\t\t\t<\/div>\n\t\t\t\t\t\t\t\t<div class=\"elementor-field-type-textarea elementor-field-group elementor-column elementor-field-group-message elementor-col-100\">\n\t\t\t\t\t\t\t\t\t\t\t\t<label for=\"form-field-message\" class=\"elementor-field-label\">\n\t\t\t\t\t\t\t\tMensaje\t\t\t\t\t\t\t<\/label>\n\t\t\t\t\t\t<textarea class=\"elementor-field-textual elementor-field  elementor-size-sm\" name=\"form_fields[message]\" id=\"form-field-message\" rows=\"4\" placeholder=\"Mensaje\"><\/textarea>\t\t\t\t<\/div>\n\t\t\t\t\t\t\t\t<div class=\"elementor-field-type-recaptcha_v3 elementor-field-group elementor-column elementor-field-group-field_acc9c62 elementor-col-100 recaptcha_v3-bottomright\">\n\t\t\t\t\t<div class=\"elementor-field\" id=\"form-field-field_acc9c62\"><div class=\"elementor-g-recaptcha\" data-sitekey=\"6Ld5JdwqAAAAAI4BAF-MUcBSjkDcxe4UbD8_hebG\" data-type=\"v3\" data-action=\"Form\" data-badge=\"bottomright\" data-size=\"invisible\"><\/div><\/div>\t\t\t\t<\/div>\n\t\t\t\t\t\t\t\t<div class=\"elementor-field-group elementor-column elementor-field-type-submit elementor-col-100 e-form__buttons\">\n\t\t\t\t\t<button class=\"elementor-button elementor-size-sm\" type=\"submit\">\n\t\t\t\t\t\t<span class=\"elementor-button-content-wrapper\">\n\t\t\t\t\t\t\t\t\t\t\t\t\t\t\t\t\t\t\t\t\t\t<span class=\"elementor-button-text\">Enviar<\/span>\n\t\t\t\t\t\t\t\t\t\t\t\t\t<\/span>\n\t\t\t\t\t<\/button>\n\t\t\t\t<\/div>\n\t\t\t<\/div>\n\t\t<\/form>\n\t\t\t\t\t\t<\/div>\n\t\t\t\t<div class=\"elementor-element elementor-element-7d82682 elementor-widget__width-initial elementor-absolute elementor-widget elementor-widget-image\" data-id=\"7d82682\" data-element_type=\"widget\" data-e-type=\"widget\" data-settings=\"{&quot;_position&quot;:&quot;absolute&quot;}\" data-widget_type=\"image.default\">\n\t\t\t\t\t\t\t\t\t\t\t\t\t\t\t<img decoding=\"async\" width=\"111\" height=\"123\" src=\"https:\/\/911seguros.com\/wp-content\/uploads\/2024\/07\/Vector-1.png\" class=\"attachment-large size-large wp-image-266\" alt=\"\" \/>\t\t\t\t\t\t\t\t\t\t\t\t\t\t\t<\/div>\n\t\t\t\t\t<\/div>\n\t\t<\/div>\n\t\t\t\t<div class=\"elementor-column elementor-col-50 elementor-top-column elementor-element elementor-element-a2fc04a\" data-id=\"a2fc04a\" data-element_type=\"column\" data-e-type=\"column\">\n\t\t\t<div class=\"elementor-widget-wrap elementor-element-populated\">\n\t\t\t\t\t\t<div class=\"elementor-element elementor-element-7b873f3 elementor-tablet-align-start elementor-align-start elementor-icon-list--layout-traditional elementor-list-item-link-full_width elementor-widget elementor-widget-icon-list\" data-id=\"7b873f3\" data-element_type=\"widget\" data-e-type=\"widget\" data-widget_type=\"icon-list.default\">\n\t\t\t\t\t\t\t<ul class=\"elementor-icon-list-items\">\n\t\t\t\t\t\t\t<li class=\"elementor-icon-list-item\">\n\t\t\t\t\t\t\t\t\t\t\t<a href=\"https:\/\/api.whatsapp.com\/send\/?phone=573104634984&#038;text=%C2%A1Hola%21%2C+vengo+desde+el+sitio+web%2C+me+gustar%C3%ADa+tener+m%C3%A1s+informaci%C3%B3n.&#038;type=phone_number&#038;app_absent=0\" target=\"_blank\" rel=\"nofollow\">\n\n\t\t\t\t\t\t\t\t\t\t\t\t<span class=\"elementor-icon-list-icon\">\n\t\t\t\t\t\t\t<svg aria-hidden=\"true\" class=\"e-font-icon-svg e-fas-phone\" viewBox=\"0 0 512 512\" xmlns=\"http:\/\/www.w3.org\/2000\/svg\"><path d=\"M493.4 24.6l-104-24c-11.3-2.6-22.9 3.3-27.5 13.9l-48 112c-4.2 9.8-1.4 21.3 6.9 28l60.6 49.6c-36 76.7-98.9 140.5-177.2 177.2l-49.6-60.6c-6.8-8.3-18.2-11.1-28-6.9l-112 48C3.9 366.5-2 378.1.6 389.4l24 104C27.1 504.2 36.7 512 48 512c256.1 0 464-207.5 464-464 0-11.2-7.7-20.9-18.6-23.4z\"><\/path><\/svg>\t\t\t\t\t\t<\/span>\n\t\t\t\t\t\t\t\t\t\t<span class=\"elementor-icon-list-text\">+57 310 4634984<\/span>\n\t\t\t\t\t\t\t\t\t\t\t<\/a>\n\t\t\t\t\t\t\t\t\t<\/li>\n\t\t\t\t\t\t\t\t<li class=\"elementor-icon-list-item\">\n\t\t\t\t\t\t\t\t\t\t\t<span class=\"elementor-icon-list-icon\">\n\t\t\t\t\t\t\t<svg aria-hidden=\"true\" class=\"e-font-icon-svg e-fas-envelope\" viewBox=\"0 0 512 512\" xmlns=\"http:\/\/www.w3.org\/2000\/svg\"><path d=\"M502.3 190.8c3.9-3.1 9.7-.2 9.7 4.7V400c0 26.5-21.5 48-48 48H48c-26.5 0-48-21.5-48-48V195.6c0-5 5.7-7.8 9.7-4.7 22.4 17.4 52.1 39.5 154.1 113.6 21.1 15.4 56.7 47.8 92.2 47.6 35.7.3 72-32.8 92.3-47.6 102-74.1 131.6-96.3 154-113.7zM256 320c23.2.4 56.6-29.2 73.4-41.4 132.7-96.3 142.8-104.7 173.4-128.7 5.8-4.5 9.2-11.5 9.2-18.9v-19c0-26.5-21.5-48-48-48H48C21.5 64 0 85.5 0 112v19c0 7.4 3.4 14.3 9.2 18.9 30.6 23.9 40.7 32.4 173.4 128.7 16.8 12.2 50.2 41.8 73.4 41.4z\"><\/path><\/svg>\t\t\t\t\t\t<\/span>\n\t\t\t\t\t\t\t\t\t\t<span class=\"elementor-icon-list-text\">info@911seguros.com<\/span>\n\t\t\t\t\t\t\t\t\t<\/li>\n\t\t\t\t\t\t\t\t<li class=\"elementor-icon-list-item\">\n\t\t\t\t\t\t\t\t\t\t\t<span class=\"elementor-icon-list-icon\">\n\t\t\t\t\t\t\t<svg aria-hidden=\"true\" class=\"e-font-icon-svg e-fas-map-marker-alt\" viewBox=\"0 0 384 512\" xmlns=\"http:\/\/www.w3.org\/2000\/svg\"><path d=\"M172.268 501.67C26.97 291.031 0 269.413 0 192 0 85.961 85.961 0 192 0s192 85.961 192 192c0 77.413-26.97 99.031-172.268 309.67-9.535 13.774-29.93 13.773-39.464 0zM192 272c44.183 0 80-35.817 80-80s-35.817-80-80-80-80 35.817-80 80 35.817 80 80 80z\"><\/path><\/svg>\t\t\t\t\t\t<\/span>\n\t\t\t\t\t\t\t\t\t\t<span class=\"elementor-icon-list-text\">Edificio Indie Lab Oficina 501<br> Kil\u00f3metro 17 + 600 via Palmas \u2013 Aeropuerto<\/span>\n\t\t\t\t\t\t\t\t\t<\/li>\n\t\t\t\t\t\t<\/ul>\n\t\t\t\t\t\t<\/div>\n\t\t\t\t<div class=\"elementor-element elementor-element-b78bf43 elementor-widget elementor-widget-spacer\" data-id=\"b78bf43\" data-element_type=\"widget\" data-e-type=\"widget\" data-widget_type=\"spacer.default\">\n\t\t\t\t\t\t\t<div class=\"elementor-spacer\">\n\t\t\t<div class=\"elementor-spacer-inner\"><\/div>\n\t\t<\/div>\n\t\t\t\t\t\t<\/div>\n\t\t\t\t<div class=\"elementor-element elementor-element-fa1b4c8 elementor-widget elementor-widget-google_maps\" data-id=\"fa1b4c8\" data-element_type=\"widget\" data-e-type=\"widget\" data-widget_type=\"google_maps.default\">\n\t\t\t\t\t\t\t<div class=\"elementor-custom-embed\">\n\t\t\t<iframe loading=\"lazy\"\n\t\t\t\t\tsrc=\"https:\/\/maps.google.com\/maps?q=Edificio%20Indie%20Lab%20Oficina%20501%20Kil%C3%B3metro%2017%20%2B%20600%20via%20Palmas%20%E2%80%93%20Aeropuerto&#038;t=m&#038;z=13&#038;output=embed&#038;iwloc=near\"\n\t\t\t\t\ttitle=\"Edificio Indie Lab Oficina 501 Kil\u00f3metro 17 + 600 via Palmas \u2013 Aeropuerto\"\n\t\t\t\t\taria-label=\"Edificio Indie Lab Oficina 501 Kil\u00f3metro 17 + 600 via Palmas \u2013 Aeropuerto\"\n\t\t\t><\/iframe>\n\t\t<\/div>\n\t\t\t\t\t\t<\/div>\n\t\t\t\t\t<\/div>\n\t\t<\/div>\n\t\t\t\t\t<\/div>\n\t\t<\/section>\n\t\t\t\t<\/div>\n\t\t","protected":false},"excerpt":{"rendered":"<p>Descubra la p\u00f3liza ideal para su negocio Complete nuestro formulario de contacto y reciba la atenci\u00f3n necesaria. +57 310 4634984 info@911seguros.com Edificio Indie Lab Oficina 501 Kil\u00f3metro 17 + 600 via Palmas \u2013 Aeropuerto<\/p>\n","protected":false},"author":1,"featured_media":0,"parent":0,"menu_order":0,"comment_status":"closed","ping_status":"closed","template":"","meta":{"footnotes":""},"class_list":["post-17","page","type-page","status-publish","hentry"],"yoast_head":"<!-- This site is optimized with the Yoast SEO plugin v27.4 - https:\/\/yoast.com\/product\/yoast-seo-wordpress\/ -->\n<title>Cont\u00e1ctanos - 911 Seguros<\/title>\n<meta name=\"description\" content=\"Cont\u00e1ctanos para seguros de transporte personalizados con las mejores aseguradoras. \u00a1Tu tranquilidad es nuestra prioridad!\" \/>\n<meta name=\"robots\" content=\"index, follow, max-snippet:-1, max-image-preview:large, max-video-preview:-1\" \/>\n<link rel=\"canonical\" href=\"https:\/\/911seguros.com\/?page_id=17\" \/>\n<meta property=\"og:locale\" content=\"es_ES\" \/>\n<meta property=\"og:type\" content=\"article\" \/>\n<meta property=\"og:title\" content=\"Cont\u00e1ctanos - 911 Seguros\" \/>\n<meta property=\"og:description\" content=\"Cont\u00e1ctanos para seguros de transporte personalizados con las mejores aseguradoras. \u00a1Tu tranquilidad es nuestra prioridad!\" \/>\n<meta property=\"og:url\" content=\"https:\/\/911seguros.com\/?page_id=17\" \/>\n<meta property=\"og:site_name\" content=\"911 Seguros\" \/>\n<meta property=\"article:modified_time\" content=\"2025-04-01T14:33:47+00:00\" \/>\n<meta property=\"og:image\" content=\"https:\/\/911seguros.com\/wp-content\/uploads\/2024\/07\/Vector.png\" \/>\n\t<meta property=\"og:image:width\" content=\"112\" \/>\n\t<meta property=\"og:image:height\" content=\"123\" \/>\n\t<meta property=\"og:image:type\" content=\"image\/png\" \/>\n<meta name=\"twitter:card\" content=\"summary_large_image\" \/>\n<meta name=\"twitter:label1\" content=\"Tiempo de lectura\" \/>\n\t<meta name=\"twitter:data1\" content=\"1 minuto\" \/>\n<script type=\"application\/ld+json\" class=\"yoast-schema-graph\">{\"@context\":\"https:\\\/\\\/schema.org\",\"@graph\":[{\"@type\":\"WebPage\",\"@id\":\"https:\\\/\\\/911seguros.com\\\/?page_id=17\",\"url\":\"https:\\\/\\\/911seguros.com\\\/?page_id=17\",\"name\":\"Cont\u00e1ctanos - 911 Seguros\",\"isPartOf\":{\"@id\":\"https:\\\/\\\/911seguros.com\\\/#website\"},\"primaryImageOfPage\":{\"@id\":\"https:\\\/\\\/911seguros.com\\\/?page_id=17#primaryimage\"},\"image\":{\"@id\":\"https:\\\/\\\/911seguros.com\\\/?page_id=17#primaryimage\"},\"thumbnailUrl\":\"https:\\\/\\\/911seguros.com\\\/wp-content\\\/uploads\\\/2024\\\/07\\\/Vector.png\",\"datePublished\":\"2024-04-18T16:10:03+00:00\",\"dateModified\":\"2025-04-01T14:33:47+00:00\",\"description\":\"Cont\u00e1ctanos para seguros de transporte personalizados con las mejores aseguradoras. \u00a1Tu tranquilidad es nuestra prioridad!\",\"breadcrumb\":{\"@id\":\"https:\\\/\\\/911seguros.com\\\/?page_id=17#breadcrumb\"},\"inLanguage\":\"es\",\"potentialAction\":[{\"@type\":\"ReadAction\",\"target\":[\"https:\\\/\\\/911seguros.com\\\/?page_id=17\"]}]},{\"@type\":\"ImageObject\",\"inLanguage\":\"es\",\"@id\":\"https:\\\/\\\/911seguros.com\\\/?page_id=17#primaryimage\",\"url\":\"https:\\\/\\\/911seguros.com\\\/wp-content\\\/uploads\\\/2024\\\/07\\\/Vector.png\",\"contentUrl\":\"https:\\\/\\\/911seguros.com\\\/wp-content\\\/uploads\\\/2024\\\/07\\\/Vector.png\",\"width\":112,\"height\":123},{\"@type\":\"BreadcrumbList\",\"@id\":\"https:\\\/\\\/911seguros.com\\\/?page_id=17#breadcrumb\",\"itemListElement\":[{\"@type\":\"ListItem\",\"position\":1,\"name\":\"Portada\",\"item\":\"https:\\\/\\\/911seguros.com\\\/\"},{\"@type\":\"ListItem\",\"position\":2,\"name\":\"Cont\u00e1ctanos\"}]},{\"@type\":\"WebSite\",\"@id\":\"https:\\\/\\\/911seguros.com\\\/#website\",\"url\":\"https:\\\/\\\/911seguros.com\\\/\",\"name\":\"911 Seguros\",\"description\":\"\",\"publisher\":{\"@id\":\"https:\\\/\\\/911seguros.com\\\/#organization\"},\"potentialAction\":[{\"@type\":\"SearchAction\",\"target\":{\"@type\":\"EntryPoint\",\"urlTemplate\":\"https:\\\/\\\/911seguros.com\\\/?s={search_term_string}\"},\"query-input\":{\"@type\":\"PropertyValueSpecification\",\"valueRequired\":true,\"valueName\":\"search_term_string\"}}],\"inLanguage\":\"es\"},{\"@type\":\"Organization\",\"@id\":\"https:\\\/\\\/911seguros.com\\\/#organization\",\"name\":\"911 Seguros\",\"url\":\"https:\\\/\\\/911seguros.com\\\/\",\"logo\":{\"@type\":\"ImageObject\",\"inLanguage\":\"es\",\"@id\":\"https:\\\/\\\/911seguros.com\\\/#\\\/schema\\\/logo\\\/image\\\/\",\"url\":\"https:\\\/\\\/911seguros.com\\\/wp-content\\\/uploads\\\/2024\\\/04\\\/Recurso-206-1.png\",\"contentUrl\":\"https:\\\/\\\/911seguros.com\\\/wp-content\\\/uploads\\\/2024\\\/04\\\/Recurso-206-1.png\",\"width\":245,\"height\":231,\"caption\":\"911 Seguros\"},\"image\":{\"@id\":\"https:\\\/\\\/911seguros.com\\\/#\\\/schema\\\/logo\\\/image\\\/\"}}]}<\/script>\n<!-- \/ Yoast SEO plugin. -->","yoast_head_json":{"title":"Cont\u00e1ctanos - 911 Seguros","description":"Cont\u00e1ctanos para seguros de transporte personalizados con las mejores aseguradoras. \u00a1Tu tranquilidad es nuestra prioridad!","robots":{"index":"index","follow":"follow","max-snippet":"max-snippet:-1","max-image-preview":"max-image-preview:large","max-video-preview":"max-video-preview:-1"},"canonical":"https:\/\/911seguros.com\/?page_id=17","og_locale":"es_ES","og_type":"article","og_title":"Cont\u00e1ctanos - 911 Seguros","og_description":"Cont\u00e1ctanos para seguros de transporte personalizados con las mejores aseguradoras. \u00a1Tu tranquilidad es nuestra prioridad!","og_url":"https:\/\/911seguros.com\/?page_id=17","og_site_name":"911 Seguros","article_modified_time":"2025-04-01T14:33:47+00:00","og_image":[{"width":112,"height":123,"url":"https:\/\/911seguros.com\/wp-content\/uploads\/2024\/07\/Vector.png","type":"image\/png"}],"twitter_card":"summary_large_image","twitter_misc":{"Tiempo de lectura":"1 minuto"},"schema":{"@context":"https:\/\/schema.org","@graph":[{"@type":"WebPage","@id":"https:\/\/911seguros.com\/?page_id=17","url":"https:\/\/911seguros.com\/?page_id=17","name":"Cont\u00e1ctanos - 911 Seguros","isPartOf":{"@id":"https:\/\/911seguros.com\/#website"},"primaryImageOfPage":{"@id":"https:\/\/911seguros.com\/?page_id=17#primaryimage"},"image":{"@id":"https:\/\/911seguros.com\/?page_id=17#primaryimage"},"thumbnailUrl":"https:\/\/911seguros.com\/wp-content\/uploads\/2024\/07\/Vector.png","datePublished":"2024-04-18T16:10:03+00:00","dateModified":"2025-04-01T14:33:47+00:00","description":"Cont\u00e1ctanos para seguros de transporte personalizados con las mejores aseguradoras. \u00a1Tu tranquilidad es nuestra prioridad!","breadcrumb":{"@id":"https:\/\/911seguros.com\/?page_id=17#breadcrumb"},"inLanguage":"es","potentialAction":[{"@type":"ReadAction","target":["https:\/\/911seguros.com\/?page_id=17"]}]},{"@type":"ImageObject","inLanguage":"es","@id":"https:\/\/911seguros.com\/?page_id=17#primaryimage","url":"https:\/\/911seguros.com\/wp-content\/uploads\/2024\/07\/Vector.png","contentUrl":"https:\/\/911seguros.com\/wp-content\/uploads\/2024\/07\/Vector.png","width":112,"height":123},{"@type":"BreadcrumbList","@id":"https:\/\/911seguros.com\/?page_id=17#breadcrumb","itemListElement":[{"@type":"ListItem","position":1,"name":"Portada","item":"https:\/\/911seguros.com\/"},{"@type":"ListItem","position":2,"name":"Cont\u00e1ctanos"}]},{"@type":"WebSite","@id":"https:\/\/911seguros.com\/#website","url":"https:\/\/911seguros.com\/","name":"911 Seguros","description":"","publisher":{"@id":"https:\/\/911seguros.com\/#organization"},"potentialAction":[{"@type":"SearchAction","target":{"@type":"EntryPoint","urlTemplate":"https:\/\/911seguros.com\/?s={search_term_string}"},"query-input":{"@type":"PropertyValueSpecification","valueRequired":true,"valueName":"search_term_string"}}],"inLanguage":"es"},{"@type":"Organization","@id":"https:\/\/911seguros.com\/#organization","name":"911 Seguros","url":"https:\/\/911seguros.com\/","logo":{"@type":"ImageObject","inLanguage":"es","@id":"https:\/\/911seguros.com\/#\/schema\/logo\/image\/","url":"https:\/\/911seguros.com\/wp-content\/uploads\/2024\/04\/Recurso-206-1.png","contentUrl":"https:\/\/911seguros.com\/wp-content\/uploads\/2024\/04\/Recurso-206-1.png","width":245,"height":231,"caption":"911 Seguros"},"image":{"@id":"https:\/\/911seguros.com\/#\/schema\/logo\/image\/"}}]}},"_links":{"self":[{"href":"https:\/\/911seguros.com\/index.php?rest_route=\/wp\/v2\/pages\/17","targetHints":{"allow":["GET"]}}],"collection":[{"href":"https:\/\/911seguros.com\/index.php?rest_route=\/wp\/v2\/pages"}],"about":[{"href":"https:\/\/911seguros.com\/index.php?rest_route=\/wp\/v2\/types\/page"}],"author":[{"embeddable":true,"href":"https:\/\/911seguros.com\/index.php?rest_route=\/wp\/v2\/users\/1"}],"replies":[{"embeddable":true,"href":"https:\/\/911seguros.com\/index.php?rest_route=%2Fwp%2Fv2%2Fcomments&post=17"}],"version-history":[{"count":103,"href":"https:\/\/911seguros.com\/index.php?rest_route=\/wp\/v2\/pages\/17\/revisions"}],"predecessor-version":[{"id":663,"href":"https:\/\/911seguros.com\/index.php?rest_route=\/wp\/v2\/pages\/17\/revisions\/663"}],"wp:attachment":[{"href":"https:\/\/911seguros.com\/index.php?rest_route=%2Fwp%2Fv2%2Fmedia&parent=17"}],"curies":[{"name":"wp","href":"https:\/\/api.w.org\/{rel}","templated":true}]}}